{"id":26,"date":"2024-05-05T09:53:39","date_gmt":"2024-05-05T09:53:39","guid":{"rendered":"http:\/\/hwlegal.cz\/?page_id=26"},"modified":"2026-03-19T09:09:05","modified_gmt":"2026-03-19T09:09:05","slug":"pravnik-kontakt","status":"publish","type":"page","link":"https:\/\/hwlegal.cz\/en\/pravnik-kontakt\/","title":{"rendered":"Contact Us"},"content":{"rendered":"","protected":false},"excerpt":{"rendered":"","protected":false},"author":1,"featured_media":0,"parent":0,"menu_order":0,"comment_status":"closed","ping_status":"closed","template":"contact","meta":{"footnotes":""},"class_list":["post-26","page","type-page","status-publish","hentry"],"yoast_head":"<!-- This site is optimized with the Yoast SEO plugin v27.4 - https:\/\/yoast.com\/product\/yoast-seo-wordpress\/ -->\n<title>Kontakt - HW LEGAL Advok\u00e1tn\u00ed kancel\u00e1\u0159 Brno<\/title>\n<meta name=\"description\" content=\"Hled\u00e1te pr\u00e1vn\u00ed zastoupen\u00ed? Kontaktujte HW LEGAL - advok\u00e1tn\u00ed kancel\u00e1\u0159 s komplexn\u00edm pr\u00e1vn\u00edm zastoupen\u00edm se s\u00eddlem v Brn\u011b.\" \/>\n<meta name=\"robots\" content=\"index, follow, max-snippet:-1, max-image-preview:large, max-video-preview:-1\" \/>\n<link rel=\"canonical\" href=\"https:\/\/hwlegal.cz\/en\/pravnik-kontakt\/\" \/>\n<meta property=\"og:locale\" content=\"en_US\" \/>\n<meta property=\"og:type\" content=\"article\" \/>\n<meta property=\"og:title\" content=\"Kontakt - HW LEGAL Advok\u00e1tn\u00ed kancel\u00e1\u0159 Brno\" \/>\n<meta property=\"og:description\" content=\"Hled\u00e1te pr\u00e1vn\u00ed zastoupen\u00ed? Kontaktujte HW LEGAL - advok\u00e1tn\u00ed kancel\u00e1\u0159 s komplexn\u00edm pr\u00e1vn\u00edm zastoupen\u00edm se s\u00eddlem v Brn\u011b.\" \/>\n<meta property=\"og:url\" content=\"https:\/\/hwlegal.cz\/en\/pravnik-kontakt\/\" \/>\n<meta property=\"og:site_name\" content=\"HW LEGAL Advok\u00e1tn\u00ed kancel\u00e1\u0159 Brno\" \/>\n<meta property=\"article:modified_time\" content=\"2026-03-19T09:09:05+00:00\" \/>\n<meta name=\"twitter:card\" content=\"summary_large_image\" \/>\n<meta name=\"twitter:label1\" content=\"Est. reading time\" \/>\n\t<meta name=\"twitter:data1\" content=\"1 minute\" \/>\n<script type=\"application\/ld+json\" class=\"yoast-schema-graph\">{\"@context\":\"https:\\\/\\\/schema.org\",\"@graph\":[{\"@type\":\"WebPage\",\"@id\":\"https:\\\/\\\/hwlegal.cz\\\/pravnik-kontakt\\\/\",\"url\":\"https:\\\/\\\/hwlegal.cz\\\/pravnik-kontakt\\\/\",\"name\":\"Kontakt - HW LEGAL Advok\u00e1tn\u00ed kancel\u00e1\u0159 Brno\",\"isPartOf\":{\"@id\":\"https:\\\/\\\/hwlegal.cz\\\/#website\"},\"datePublished\":\"2024-05-05T09:53:39+00:00\",\"dateModified\":\"2026-03-19T09:09:05+00:00\",\"description\":\"Hled\u00e1te pr\u00e1vn\u00ed zastoupen\u00ed? Kontaktujte HW LEGAL - advok\u00e1tn\u00ed kancel\u00e1\u0159 s komplexn\u00edm pr\u00e1vn\u00edm zastoupen\u00edm se s\u00eddlem v Brn\u011b.\",\"breadcrumb\":{\"@id\":\"https:\\\/\\\/hwlegal.cz\\\/pravnik-kontakt\\\/#breadcrumb\"},\"inLanguage\":\"en-US\",\"potentialAction\":[{\"@type\":\"ReadAction\",\"target\":[\"https:\\\/\\\/hwlegal.cz\\\/pravnik-kontakt\\\/\"]}]},{\"@type\":\"BreadcrumbList\",\"@id\":\"https:\\\/\\\/hwlegal.cz\\\/pravnik-kontakt\\\/#breadcrumb\",\"itemListElement\":[{\"@type\":\"ListItem\",\"position\":1,\"name\":\"Dom\u016f\",\"item\":\"https:\\\/\\\/hwlegal.cz\\\/\"},{\"@type\":\"ListItem\",\"position\":2,\"name\":\"Kontakt\"}]},{\"@type\":\"WebSite\",\"@id\":\"https:\\\/\\\/hwlegal.cz\\\/#website\",\"url\":\"https:\\\/\\\/hwlegal.cz\\\/\",\"name\":\"HW LEGAL Advok\u00e1tn\u00ed kancel\u00e1\u0159\",\"description\":\"Pr\u00e1vn\u00ed slu\u017eby a poradenstv\u00ed pro jednotlivce i firmy\",\"publisher\":{\"@id\":\"https:\\\/\\\/hwlegal.cz\\\/#organization\"},\"alternateName\":\"HW LEGAL\",\"potentialAction\":[{\"@type\":\"SearchAction\",\"target\":{\"@type\":\"EntryPoint\",\"urlTemplate\":\"https:\\\/\\\/hwlegal.cz\\\/?s={search_term_string}\"},\"query-input\":{\"@type\":\"PropertyValueSpecification\",\"valueRequired\":true,\"valueName\":\"search_term_string\"}}],\"inLanguage\":\"en-US\"},{\"@type\":\"Organization\",\"@id\":\"https:\\\/\\\/hwlegal.cz\\\/#organization\",\"name\":\"HW LEGAL Advok\u00e1tn\u00ed Kancel\u00e1\u0159\",\"alternateName\":\"HW LEGAL\",\"url\":\"https:\\\/\\\/hwlegal.cz\\\/\",\"logo\":{\"@type\":\"ImageObject\",\"inLanguage\":\"en-US\",\"@id\":\"https:\\\/\\\/hwlegal.cz\\\/#\\\/schema\\\/logo\\\/image\\\/\",\"url\":\"https:\\\/\\\/hwlegal.cz\\\/wp-content\\\/uploads\\\/2024\\\/05\\\/hw-legal-logo-hwblue.png\",\"contentUrl\":\"https:\\\/\\\/hwlegal.cz\\\/wp-content\\\/uploads\\\/2024\\\/05\\\/hw-legal-logo-hwblue.png\",\"width\":1050,\"height\":1042,\"caption\":\"HW LEGAL Advok\u00e1tn\u00ed Kancel\u00e1\u0159\"},\"image\":{\"@id\":\"https:\\\/\\\/hwlegal.cz\\\/#\\\/schema\\\/logo\\\/image\\\/\"},\"sameAs\":[\"https:\\\/\\\/www.linkedin.com\\\/in\\\/katerina1hajkova1\\\/?utm_source=share&utm_campaign=share_via&utm_content=profile&utm_medium=ios_app\"]}]}<\/script>\n<!-- \/ Yoast SEO plugin. -->","yoast_head_json":{"title":"Kontakt - HW LEGAL Advok\u00e1tn\u00ed kancel\u00e1\u0159 Brno","description":"Hled\u00e1te pr\u00e1vn\u00ed zastoupen\u00ed? Kontaktujte HW LEGAL - advok\u00e1tn\u00ed kancel\u00e1\u0159 s komplexn\u00edm pr\u00e1vn\u00edm zastoupen\u00edm se s\u00eddlem v Brn\u011b.","robots":{"index":"index","follow":"follow","max-snippet":"max-snippet:-1","max-image-preview":"max-image-preview:large","max-video-preview":"max-video-preview:-1"},"canonical":"https:\/\/hwlegal.cz\/en\/pravnik-kontakt\/","og_locale":"en_US","og_type":"article","og_title":"Kontakt - HW LEGAL Advok\u00e1tn\u00ed kancel\u00e1\u0159 Brno","og_description":"Hled\u00e1te pr\u00e1vn\u00ed zastoupen\u00ed? Kontaktujte HW LEGAL - advok\u00e1tn\u00ed kancel\u00e1\u0159 s komplexn\u00edm pr\u00e1vn\u00edm zastoupen\u00edm se s\u00eddlem v Brn\u011b.","og_url":"https:\/\/hwlegal.cz\/en\/pravnik-kontakt\/","og_site_name":"HW LEGAL Advok\u00e1tn\u00ed kancel\u00e1\u0159 Brno","article_modified_time":"2026-03-19T09:09:05+00:00","twitter_card":"summary_large_image","twitter_misc":{"Est. reading time":"1 minute"},"schema":{"@context":"https:\/\/schema.org","@graph":[{"@type":"WebPage","@id":"https:\/\/hwlegal.cz\/pravnik-kontakt\/","url":"https:\/\/hwlegal.cz\/pravnik-kontakt\/","name":"Kontakt - HW LEGAL Advok\u00e1tn\u00ed kancel\u00e1\u0159 Brno","isPartOf":{"@id":"https:\/\/hwlegal.cz\/#website"},"datePublished":"2024-05-05T09:53:39+00:00","dateModified":"2026-03-19T09:09:05+00:00","description":"Hled\u00e1te pr\u00e1vn\u00ed zastoupen\u00ed? Kontaktujte HW LEGAL - advok\u00e1tn\u00ed kancel\u00e1\u0159 s komplexn\u00edm pr\u00e1vn\u00edm zastoupen\u00edm se s\u00eddlem v Brn\u011b.","breadcrumb":{"@id":"https:\/\/hwlegal.cz\/pravnik-kontakt\/#breadcrumb"},"inLanguage":"en-US","potentialAction":[{"@type":"ReadAction","target":["https:\/\/hwlegal.cz\/pravnik-kontakt\/"]}]},{"@type":"BreadcrumbList","@id":"https:\/\/hwlegal.cz\/pravnik-kontakt\/#breadcrumb","itemListElement":[{"@type":"ListItem","position":1,"name":"Dom\u016f","item":"https:\/\/hwlegal.cz\/"},{"@type":"ListItem","position":2,"name":"Kontakt"}]},{"@type":"WebSite","@id":"https:\/\/hwlegal.cz\/#website","url":"https:\/\/hwlegal.cz\/","name":"HW LEGAL Advok\u00e1tn\u00ed kancel\u00e1\u0159","description":"Pr\u00e1vn\u00ed slu\u017eby a poradenstv\u00ed pro jednotlivce i firmy","publisher":{"@id":"https:\/\/hwlegal.cz\/#organization"},"alternateName":"HW LEGAL","potentialAction":[{"@type":"SearchAction","target":{"@type":"EntryPoint","urlTemplate":"https:\/\/hwlegal.cz\/?s={search_term_string}"},"query-input":{"@type":"PropertyValueSpecification","valueRequired":true,"valueName":"search_term_string"}}],"inLanguage":"en-US"},{"@type":"Organization","@id":"https:\/\/hwlegal.cz\/#organization","name":"HW LEGAL Advok\u00e1tn\u00ed Kancel\u00e1\u0159","alternateName":"HW LEGAL","url":"https:\/\/hwlegal.cz\/","logo":{"@type":"ImageObject","inLanguage":"en-US","@id":"https:\/\/hwlegal.cz\/#\/schema\/logo\/image\/","url":"https:\/\/hwlegal.cz\/wp-content\/uploads\/2024\/05\/hw-legal-logo-hwblue.png","contentUrl":"https:\/\/hwlegal.cz\/wp-content\/uploads\/2024\/05\/hw-legal-logo-hwblue.png","width":1050,"height":1042,"caption":"HW LEGAL Advok\u00e1tn\u00ed Kancel\u00e1\u0159"},"image":{"@id":"https:\/\/hwlegal.cz\/#\/schema\/logo\/image\/"},"sameAs":["https:\/\/www.linkedin.com\/in\/katerina1hajkova1\/?utm_source=share&utm_campaign=share_via&utm_content=profile&utm_medium=ios_app"]}]}},"_links":{"self":[{"href":"https:\/\/hwlegal.cz\/en\/wp-json\/wp\/v2\/pages\/26","targetHints":{"allow":["GET"]}}],"collection":[{"href":"https:\/\/hwlegal.cz\/en\/wp-json\/wp\/v2\/pages"}],"about":[{"href":"https:\/\/hwlegal.cz\/en\/wp-json\/wp\/v2\/types\/page"}],"author":[{"embeddable":true,"href":"https:\/\/hwlegal.cz\/en\/wp-json\/wp\/v2\/users\/1"}],"replies":[{"embeddable":true,"href":"https:\/\/hwlegal.cz\/en\/wp-json\/wp\/v2\/comments?post=26"}],"version-history":[{"count":2,"href":"https:\/\/hwlegal.cz\/en\/wp-json\/wp\/v2\/pages\/26\/revisions"}],"predecessor-version":[{"id":289,"href":"https:\/\/hwlegal.cz\/en\/wp-json\/wp\/v2\/pages\/26\/revisions\/289"}],"wp:attachment":[{"href":"https:\/\/hwlegal.cz\/en\/wp-json\/wp\/v2\/media?parent=26"}],"curies":[{"name":"wp","href":"https:\/\/api.w.org\/{rel}","templated":true}]}}